{"id":60,"date":"2021-06-09T14:06:19","date_gmt":"2021-06-09T06:06:19","guid":{"rendered":"http:\/\/beitiya.xhlcustomer.com\/?page_id=60"},"modified":"2024-09-27T17:05:33","modified_gmt":"2024-09-27T09:05:33","slug":"custom-cases","status":"publish","type":"page","link":"https:\/\/www.essilash.com\/es\/casos-personalizados\/","title":{"rendered":"Essi Lash proporciona un dise\u00f1o y producci\u00f3n de etiquetas privadas en la escalada para todos los productos de pesta\u00f1as que necesita."},"content":{"rendered":"","protected":false},"excerpt":{"rendered":"","protected":false},"author":1,"featured_media":0,"parent":0,"menu_order":7,"comment_status":"closed","ping_status":"closed","template":"Case.php","meta":{"footnotes":""},"class_list":["post-60","page","type-page","status-publish","hentry"],"_links":{"self":[{"href":"https:\/\/www.essilash.com\/es\/wp-json\/wp\/v2\/pages\/60","targetHints":{"allow":["GET"]}}],"collection":[{"href":"https:\/\/www.essilash.com\/es\/wp-json\/wp\/v2\/pages"}],"about":[{"href":"https:\/\/www.essilash.com\/es\/wp-json\/wp\/v2\/types\/page"}],"author":[{"embeddable":true,"href":"https:\/\/www.essilash.com\/es\/wp-json\/wp\/v2\/users\/1"}],"replies":[{"embeddable":true,"href":"https:\/\/www.essilash.com\/es\/wp-json\/wp\/v2\/comments?post=60"}],"version-history":[{"count":0,"href":"https:\/\/www.essilash.com\/es\/wp-json\/wp\/v2\/pages\/60\/revisions"}],"wp:attachment":[{"href":"https:\/\/www.essilash.com\/es\/wp-json\/wp\/v2\/media?parent=60"}],"curies":[{"name":"wp","href":"https:\/\/api.w.org\/{rel}","templated":true}]}}